{"id":19,"date":"2009-08-25T10:57:36","date_gmt":"2009-08-25T08:57:36","guid":{"rendered":"http:\/\/faninitiative.at\/index.php\/2009\/08\/25\/antirassimus\/"},"modified":"2016-05-29T10:07:19","modified_gmt":"2016-05-29T08:07:19","slug":"antirassimus","status":"publish","type":"page","link":"https:\/\/faninitiative.at\/index.php\/antirassimus\/","title":{"rendered":"Antirassimus"},"content":{"rendered":"<p>Alltagsrassismus kommt gerade im Fu\u00dfball oft sehr deutlich zum Vorschein. Urwaldger\u00e4usche und die Beschimpfung von Spielern mit Migrationshintergrund sind leider noch in vielen Stadien zu h\u00f6ren. In Innsbruck wurde diese Problematik schon vor einigen Jahren zum Anlass genommen, f\u00fcr ein vorurteilsfreies Selbstverst\u00e4ndnis unter allen Wackerianerinnen und Wackerianern zu werben. Der FC Wacker Innsbruck bekennt sich sogar in seinen Vereinsstatuten zu einem nachdr\u00fccklichen Eintreten gegen Rassismus. Dort hei\u00dft es:<\/p>\n<p><strong>&#8222;Die Mitglieder verpflichten sich jeglichem rassistischen Verhalten im Stadion und im Klub entschieden entgegenzutreten, sowie zur F\u00f6rderung von ethnischen Minderheiten und Migranten im Verein und zur Zusammenarbeit mit allen Organisationen, welche dem Problem des Rassismus im Fu\u00dfball entgegenwirken.&#8220;<\/strong><\/p>\n<p>Die Faninitiative Innsbruck hat das anti-rassistische Engagement sogar explizit als Vereinszweck festgeschrieben. Laut den Statuten ist es oberstes Ziel der Faninitiative,<\/p>\n<p><strong>&#8222;unter den Fu\u00dfballfans des FC Wacker Innsbruck Gedanken der Toleranz und Fairness im Zusammenhang mit der Kultur des Fu\u00dfballsports weiter zu entwickeln, jeglichen Formen von Ausl\u00e4nderfeindlichkeit, Rassismus oder Gewaltbereitschaft unter Fu\u00dfballfans entgegenzuwirken und f\u00fcr V\u00f6lkerverst\u00e4ndigung und eine internationale Gesinnung in der Fankultur einzutreten.\u201c<\/strong><\/p>\n<p><em>Regelm\u00e4\u00dfige Teilnahme an den FARE-Aktionswochen<\/em><\/p>\n<p>Insofern ist es selbstverst\u00e4ndlich, dass sich der Tiroler Traditionsverein und die Faninitiative Innsbruck als Sprachrohr der Tivoli Nord allj\u00e4hrlich an den Aktionswochen des europ\u00e4ischen Netzwerkes FARE (Football Against Racism in Europe) beteiligen. Ziel dieser Aktionswochen ist es, europaweit ein Zeichen gegen Rassismus und Fremdenfeindlichkeit im Fu\u00dfball zu setzen. Gemeinsam zeigen zahlreiche Fu\u00dfballvereine aus dem Profi- und Amateurbereich sowie Fanclubs und -initiativen jeglicher Form der Diskriminierung die rote Karte.<\/p>\n<p>2011 standen die FARE-Aktionswochen unter dem Motto &#8222;We are Football People&#8220; und finden von 12. bis 25. Oktober statt. In diesem Zeitraum absolvierte die Kampfmannschaft des FC Wacker Innsbruck zwei Ausw\u00e4rtsspiele. In Salzburg (15.10.) und Maria Enzersdorf (22.10.) erhielten die mitgereisten Fans auf dem Weg zum G\u00e4stesektor ein Flugblatt, das auf die Problematik aufmerksam machte. Auch bei den Heimspielen des Wacker-Damenteams gegen den SV Neulengbach (15. Oktober) und des FC Wacker Innsbruck II gegen Kufstein (16. Oktober) wurden die Zuschauer per Flugblatt informiert. Bei diesen Spielen am Tivoli W1 wies der Stadionsprecher zus\u00e4tzlich auf die FARE-Aktionswochen hin.<\/p>\n<p>Weitere Informationen: <span style=\"color: black;\"> <a href=\"https:\/\/service.gmx.net\/de\/cgi\/derefer?TYPE=3&amp;DEST=http%3A%2F%2Fwww.fairplay.or.at\" target=\"_blank\">www.fairplay.or.at<\/a><\/span><\/p>\n<p>Der FC Wacker und die Faninitiative Innsbruck haben mit ihrem anti-rassistischen Engagement wesentlichen Anteil daran, dass der Gro\u00dfteil der Fu\u00dfballfans in Tirol Rassismus und Fremdenfeindlichkeit entschieden ablehnt. Gemeinsam setzen sich Verein und Fans daf\u00fcr ein, dass dies auch in Zukunft so bleibt.<\/p>\n<p>&nbsp;<\/p>\n<div id=\"_mcePaste\" style=\"position: absolute; left: -10000px; top: 0px; width: 1px; height: 1px; overflow: hidden;\">\nText f\u00fcr Stadionzeitung Rapid-Heimspiel<\/p>\n<p>Rote Karte f\u00fcr Rassismus<br \/>\nFARE-Aktionswochen 2011<\/p>\n<p>Alltagsrassismus kommt gerade im Fu\u00dfball oft sehr deutlich zum Vorschein. Urwaldger\u00e4usche und die Beschimpfung von Spielern mit Migrationshintergrund sind leider noch in vielen Stadien zu h\u00f6ren. In Innsbruck wurde diese Problematik schon vor einigen Jahren zum Anlass genommen, f\u00fcr ein vorurteilsfreies Selbstverst\u00e4ndnis unter allen Wackerianern zu werben. Der FC Wacker Innsbruck bekennt sich sogar in seinen Vereinsstatuten zu einem nachdr\u00fccklichen Eintreten gegen Rassismus. Dort hei\u00dft es:<br \/>\n\u201eDie Mitglieder verpflichten sich jeglichem rassistischen Verhalten im Stadion und im Klub entschieden entgegenzutreten, sowie zur F\u00f6rderung von ethnischen Minderheiten und Migranten im Verein und zur Zusammenarbeit mit allen Organisationen, welche dem Problem des Rassismus im Fu\u00dfball entgegenwirken.\u201c<br \/>\nDie Faninitiative Innsbruck hat das anti-rassistische Engagement sogar explizit als Vereinszweck festgeschrieben. Laut den Statuten ist es oberstes Ziel der Faninitiative,<br \/>\n\u201eunter den Fu\u00dfballfans des FC Wacker Innsbruck Gedanken der Toleranz und Fairness im Zusammenhang mit der Kultur des Fu\u00dfballsports weiter zu entwickeln, jeglichen Formen von Ausl\u00e4nderfeindlichkeit, Rassismus oder Gewaltbereitschaft unter Fu\u00dfballfans entgegenzuwirken und f\u00fcr V\u00f6lkerverst\u00e4ndigung und eine internationale Gesinnung in der Fankultur einzutreten.\u201c<br \/>\nInsofern ist es selbstverst\u00e4ndlich, dass sich der Tiroler Traditionsverein und die Faninitiative Innsbruck als Sprachrohr der Tivoli Nord auch in diesem Jahr wieder an den Aktionswochen des europ\u00e4ischen Netzwerkes FARE (Football Against Racism in Europe) beteiligen. Ziel dieser j\u00e4hrlich stattfindenden Aktionswochen ist es, europaweit ein Zeichen gegen Rassismus und Fremdenfeindlichkeit im Fu\u00dfball zu setzen. Gemeinsam zeigen zahlreiche Fu\u00dfballvereine aus dem Profi- und Amateurbereich sowie Fanclubs und -initiativen jeglicher Form der Diskriminierung die rote Karte.<br \/>\nHeuer stehen die FARE-Aktionswochen unter dem Motto \u201eFootball People\u201c und finden von 12. bis 25. Oktober statt. In diesem Zeitraum absolviert die Kampfmannschaft des FC Wacker Innsbruck zwei Ausw\u00e4rtsspiele. In Salzburg (15. Oktober) und Maria Enzersdorf (22. Oktober) erhalten die mitgereisten Fans auf dem Weg zum G\u00e4stesektor ein Flugblatt, das auf die Problematik aufmerksam machen soll. Auch bei den Heimspielen des Wacker-Damenteams gegen den SV Neulengbach (15. Oktober) und des FC Wacker Innsbruck II gegen Kufstein (16. Oktober) werden die Zuschauer per Flugblatt informiert. Bei diesen Spielen am Tivoli W1 weist der Stadionsprecher zus\u00e4tzlich auf die FARE-Aktionswochen hin.<br \/>\nDer FC Wacker und die Faninitiative Innsbruck haben mit ihrem anti-rassistischen Engagement wesentlichen Anteil daran, dass der Gro\u00dfteil der Fu\u00dfballfans in Tirol Rassismus und Fremdenfeindlichkeit entschieden ablehnt. Gemeinsam setzen sich Verein und Fans daf\u00fcr ein, dass dies auch in Zukunft so bleibt.<br \/>\nWeitere Informationen: http:\/\/www.farenet.org<\/p>\n<p>Bitte vereinsintern absprechen!!!<\/p>\n<\/div>\n","protected":false},"excerpt":{"rendered":"<p>Alltagsrassismus kommt gerade im Fu\u00dfball oft sehr deutlich zum Vorschein. Urwaldger\u00e4usche und die Beschimpfung von Spielern mit Migrationshintergrund sind leider noch in vielen Stadien zu h\u00f6ren. In Innsbruck wurde diese Problematik schon vor einigen Jahren zum Anlass genommen, f\u00fcr ein vorurteilsfreies Selbstverst\u00e4ndnis unter allen Wackerianerinnen und Wackerianern zu werben. Der FC Wacker Innsbruck bekennt sich [&hellip;]<\/p>\n","protected":false},"author":1,"featured_media":18,"parent":0,"menu_order":1,"comment_status":"open","ping_status":"open","template":"","meta":{"footnotes":""},"class_list":["post-19","page","type-page","status-publish","has-post-thumbnail","hentry"],"_links":{"self":[{"href":"https:\/\/faninitiative.at\/index.php\/wp-json\/wp\/v2\/pages\/19","targetHints":{"allow":["GET"]}}],"collection":[{"href":"https:\/\/faninitiative.at\/index.php\/wp-json\/wp\/v2\/pages"}],"about":[{"href":"https:\/\/faninitiative.at\/index.php\/wp-json\/wp\/v2\/types\/page"}],"author":[{"embeddable":true,"href":"https:\/\/faninitiative.at\/index.php\/wp-json\/wp\/v2\/users\/1"}],"replies":[{"embeddable":true,"href":"https:\/\/faninitiative.at\/index.php\/wp-json\/wp\/v2\/comments?post=19"}],"version-history":[{"count":1,"href":"https:\/\/faninitiative.at\/index.php\/wp-json\/wp\/v2\/pages\/19\/revisions"}],"predecessor-version":[{"id":248,"href":"https:\/\/faninitiative.at\/index.php\/wp-json\/wp\/v2\/pages\/19\/revisions\/248"}],"wp:featuredmedia":[{"embeddable":true,"href":"https:\/\/faninitiative.at\/index.php\/wp-json\/wp\/v2\/media\/18"}],"wp:attachment":[{"href":"https:\/\/faninitiative.at\/index.php\/wp-json\/wp\/v2\/media?parent=19"}],"curies":[{"name":"wp","href":"https:\/\/api.w.org\/{rel}","templated":true}]}}