{"id":29,"date":"2011-10-18T12:46:40","date_gmt":"2011-10-18T10:46:40","guid":{"rendered":"http:\/\/faninitiative.at\/index.php\/2011\/10\/18\/teil-nehmen-und-teil-haben\/"},"modified":"2016-05-29T10:04:07","modified_gmt":"2016-05-29T08:04:07","slug":"teil-nehmen-und-teil-haben","status":"publish","type":"page","link":"https:\/\/faninitiative.at\/index.php\/teil-nehmen-und-teil-haben\/","title":{"rendered":"Teil-Nehmen und Teil-Haben"},"content":{"rendered":"<p><strong>Teil-Nehmen und Teil-Haben. Fu\u00dfball aus Sicht kritischer Fans und Gesellschaftswissenschaftler<\/strong><\/p>\n<p>Im Zuge der Lehrveranstaltung \u201eDie Kanten des runden Leders\u201c, die im Sommersemester 2008 anl\u00e4sslich der Fu\u00dfball-Europameisterschaft als Kooperationsprojekt der Faninitiative Innsbruck und der Fakult\u00e4t f\u00fcr Erziehungswissenschaften an der Universit\u00e4t Innsbruck durchgef\u00fchrt wurde, entstand ein Sammelband mit Aufs\u00e4tzen von kritischen Sozialwissenschaftlern und Fu\u00dfballfans.<\/p>\n<p><!--more--><\/p>\n<p>Der Herausgeber Dr. Bernd Lederer arbeitet als Universit\u00e4tsassistent am Innsbrucker Institut f\u00fcr Erziehungswissenschaft, und beteiligt sich an der Arbeitsgruppe Fanarbeit Innsbruck.<\/p>\n<p>Bernd Lederer (Hrsg.): Teil-Nehmen und Teil-Haben. Fu\u00dfball aus Sicht kritischer Fans und Gesellschaftswissenschaftler, 224 Seiten, 11 Abbildungen, Paperback, Preis EUR 16,90 &#8211; ISBN 978-3-89533-735-2<\/p>\n<p>Erschienen im Verlag Die Werkstatt www.werkstatt-verlag.de<\/p>\n<p><strong>Inhaltsverzeichnis<\/strong><br \/>\nChristian Deker: \u201eFu\u00dfball ist alles \u2013 auch schwul\u201c: Strategien gegen Homophobie im Fu\u00dfball<br \/>\nJennifer T\u00f6pperwein: Weibliche Fans im Fu\u00dfball: Emanzipationsgeschichte, Erfahrungen, Perspektiven<br \/>\nMichael Fanizadeh &amp; Markus Pinter: Von echten \u00d6sterreichern und Einwanderern: Rassismus und Antirassismus im Fu\u00dfball<br \/>\nRoger Hasenbein: Eine andere Fu\u00dfballwelt ist m\u00f6glich: M\u00f6glichkeiten und Strategien gegen eine v\u00f6llige Enteignung der Fans am Beispiel des FC St. Pauli<br \/>\nBernd Lederer: Fu\u00dfball als Teil der individuellen Lebenswelt: Zum Zusammenhang von aktiver Fankultur und Bildung, oder: Was hat Fu\u00dfball mit Bildung zu tun?<br \/>\nPeter Egg: \u201eTeil-haben\u201c, nicht nur \u201eteil-nehmen\u201c: Warum \u201ePartizipation\u201c ein p\u00e4dagogisches Kernziel ist und bleiben muss<br \/>\nRoman Horak: Das Runde und das Eckige: Fu\u00dfball, Fans und Medien<br \/>\nGerhard Vinnai: Schattenseiten der Fu\u00dfballbegeisterung<br \/>\nGerhard H\u00f6dl: Der globale Fu\u00dfball zwischen Expansion und Marginalisierung<br \/>\nMatthias Kapferer &amp; Joachim Tsch\u00fctscher: Sicherheit und Ordnung in den Fu\u00dfballstadien als Muster f\u00fcr den kontrollierten B\u00fcrger<br \/>\nPeter St\u00f6ger: Zehn Fu\u00dfball-Pl\u00e4tze: Verortungen und Vermutungen \u2013 oder: Wie kommt ein \u201eQuasi\u201c in die Liturgie? (Essay und Skizze)<\/p>\n<p><strong>Weitere Informationen<\/strong><br \/>\nOb WM, EM, Champions League oder ein unterklassiges Ligaspiel: Fu\u00dfball, mit allem, was auch au\u00dferhalb des Rasens dazugeh\u00f6rt, liefert stets eine F\u00fclle von Anschauungsmaterial f\u00fcr menschliche Verhaltensmuster und kulturelle Ausdrucksweisen. In \u201eTeil-Nehmen und Teil-Haben\u201c erkunden Fanvertreter sowie Geistes- und Sozialwissenschaftler jetzt das Spannungsfeld zwischen Mitsprache und Kommerz, in welchem der Fu\u00dfball heute rollt.<\/p>\n<p>Die 13 AutorInnen beleuchten dabei jeweils ganz unterschiedliche Aspekte der \u201esch\u00f6nsten Nebensache der Welt\u201c, mal mehr, mal weniger nah am roten Faden dieses Buches: dem Thema Teilhabe und Mitbestimmung. Den Anfang machen Vertreter aktiver Fu\u00dfballfans, die von Faninitiativen gegen Rassismus, Homophobie und Sexismus sowie von B\u00fcndnissen wie BAFF (B\u00fcndnis aktiver Fu\u00dfball-Fans) oder FARE (Football Against Racism in Europe) berichten, aber auch davon, wie Fans ganz konkret Einfluss auf die Politik ihres Vereins nehmen k\u00f6nnen. So haben sich beispielsweise St.-Pauli-Fans u.a. erfolgreich f\u00fcr eine Einzelfallpr\u00fcfung vor der Erteilung von Stadionverboten, gegen die Einf\u00fchrung einer Stadionw\u00e4hrung und f\u00fcr den Erhalt von Stehpl\u00e4tzen eingesetzt.<\/p>\n<p>Den theoretischen Mittelteil bilden Beitr\u00e4ge, die sich mit den Kernthemen Teilhabe und Mitbestimmung aus bildungstheoretischer Sicht befassen. Gesellschaftskritische Analysen aus unterschiedlichen Fachrichtungen wie Psychologie, Soziologie, Philosophie, Volkswirtschaft, aber auch Rechtswissenschaft beleuchten abschlie\u00dfend einige grundlegende Aspekte des Fu\u00dfballs und deren Relevanz f\u00fcr die Gegenwartskultur. Wie die Globalisierung die weltweite Vermarktung des Fu\u00dfballs f\u00f6rdert oder wie sich im Stadion die Tendenz zum \u201emodernen \u00dcberwachungsstaat\u201c manifestiert, sind nur einige der Themen, die dabei zur Sprache kommen.<\/p>\n","protected":false},"excerpt":{"rendered":"<p>Teil-Nehmen und Teil-Haben. Fu\u00dfball aus Sicht kritischer Fans und Gesellschaftswissenschaftler Im Zuge der Lehrveranstaltung \u201eDie Kanten des runden Leders\u201c, die im Sommersemester 2008 anl\u00e4sslich der Fu\u00dfball-Europameisterschaft als Kooperationsprojekt der Faninitiative Innsbruck und der Fakult\u00e4t f\u00fcr Erziehungswissenschaften an der Universit\u00e4t Innsbruck durchgef\u00fchrt wurde, entstand ein Sammelband mit Aufs\u00e4tzen von kritischen Sozialwissenschaftlern und Fu\u00dfballfans.<\/p>\n","protected":false},"author":1,"featured_media":28,"parent":0,"menu_order":2,"comment_status":"open","ping_status":"open","template":"","meta":{"footnotes":""},"class_list":["post-29","page","type-page","status-publish","has-post-thumbnail","hentry"],"_links":{"self":[{"href":"https:\/\/faninitiative.at\/index.php\/wp-json\/wp\/v2\/pages\/29","targetHints":{"allow":["GET"]}}],"collection":[{"href":"https:\/\/faninitiative.at\/index.php\/wp-json\/wp\/v2\/pages"}],"about":[{"href":"https:\/\/faninitiative.at\/index.php\/wp-json\/wp\/v2\/types\/page"}],"author":[{"embeddable":true,"href":"https:\/\/faninitiative.at\/index.php\/wp-json\/wp\/v2\/users\/1"}],"replies":[{"embeddable":true,"href":"https:\/\/faninitiative.at\/index.php\/wp-json\/wp\/v2\/comments?post=29"}],"version-history":[{"count":1,"href":"https:\/\/faninitiative.at\/index.php\/wp-json\/wp\/v2\/pages\/29\/revisions"}],"predecessor-version":[{"id":246,"href":"https:\/\/faninitiative.at\/index.php\/wp-json\/wp\/v2\/pages\/29\/revisions\/246"}],"wp:featuredmedia":[{"embeddable":true,"href":"https:\/\/faninitiative.at\/index.php\/wp-json\/wp\/v2\/media\/28"}],"wp:attachment":[{"href":"https:\/\/faninitiative.at\/index.php\/wp-json\/wp\/v2\/media?parent=29"}],"curies":[{"name":"wp","href":"https:\/\/api.w.org\/{rel}","templated":true}]}}