{"id":63,"date":"2012-01-26T14:22:49","date_gmt":"2012-01-26T13:22:49","guid":{"rendered":"http:\/\/faninitiative.at\/index.php\/2012\/01\/26\/fussball-ohne-vorurteile\/"},"modified":"2016-05-29T10:03:54","modified_gmt":"2016-05-29T08:03:54","slug":"fussball-ohne-vorurteile","status":"publish","type":"page","link":"https:\/\/faninitiative.at\/index.php\/fussball-ohne-vorurteile\/","title":{"rendered":"Fu\u00dfball ohne Vorurteile"},"content":{"rendered":"<p>Aus Anlass der Ausstellung Tatort Stadion publizierte die Faninitiative Innsbruck den Begleitband Fu\u00dfball ohne Vorurteile.<\/p>\n<p><!--more--><\/p>\n<p>Diese sechzigseitige Brosch\u00fcre enth\u00e4lt neben einzelnen Texten zur Ausstellung Tatort Stadion mehrere lesenswerte Artikel zu sozialen und kulturellen Verflechtungen sowie politischen, ideologischen und wirtschaftlichen Beeinflussungen des Fu\u00dfballsports.<\/p>\n<h3>Lesenswerte Artikel verschiedener Autoren<\/h3>\n<p>Gabriel Kuhn, in Schweden lebender Autor und \u00dcbersetzer, ehemaliger Tiroler Auswahlspieler liefert in einer internationalen Perspektive wissenswerte und anschauliche Anmerkungen zu verschiedenen Diskriminierungsformen (Rassismus, Sexismus, Homophobie) im Fu\u00dfball.<\/p>\n<p>Einen geschichtlichen Abriss \u00fcber Judenfeindlichkeit im \u00f6sterreichischen Fu\u00dfball macht Judith Goetz, Literatur- und Politikwissenschafterin sowie Referentin f\u00fcr feministische Politik der \u00d6H-Bundesvertretung. Dieser \u00dcberblick reicht von Antisemitismus im Fu\u00dfball vor und w\u00e4hrend der Shoah bis zu aktuellen Vorf\u00e4llen in der Fanszene.<\/p>\n<p>Gerd Dembowski, Soziologe und Initiator der Ausstellung Tatort Stadion wirft einen Blick auf Kampagnen zum Abbau von Homophobie im deutschen Fu\u00dfball. Theoretisch eingebettet sind seine Beobachtungen in einzelne Anmerkungen zu hegemonialen M\u00e4nnlichkeiten im Fu\u00dfball und der Fankultur.<\/p>\n<p>Anhand einiger biographischer Anekdoten verdeutlicht Dr. Bella Bello Bitugu die Notwendigkeit der Anti-Rassismus-Arbeit, die er in \u00d6sterreich selbst mitgestaltet. N\u00e4here Einblicke in die Anti-Rassismus-Arbeit und einzelne Kampagnen bietet der Text des Teams der Organisation FairPlay am Wiener Institut f\u00fcr Internationalen Dialog und Zusammenarbeit.<\/p>\n<p>In einem sozialgeschichtlichen Abriss der Kommerzialisierung des Profifu\u00dfballs in Innsbruck illustrieren Stefan Hebenstreit und Werner Dernier eine festzustellende Refeudalisierung und damit verbundene Marginalisierung von Zuschauer-Interessen. M\u00f6gliche Alternativen erkennen die Autoren in den auf Partizipation ausgerichteten Initiativen aus der Fanszene, die letztlich dazu f\u00fchrten, dass sich der FC Wacker Innsbruck als demokratischer Mitgliederverein etablieren konnte.<\/p>\n<h3>Interessant f\u00fcr breiten Leserkreis<\/h3>\n<p>Bewusst wurde der Begleitband Fu\u00dfball ohne Vorurteile so konzipiert, dass er nicht nur tempor\u00e4r f\u00fcr die Dauer der Ausstellung, sondern auch dar\u00fcber hinaus eine lesenswerte Lekt\u00fcre bietet. Alle Texte d\u00fcrften auch f\u00fcr einen \u00fcberregionalen Leserkreis von Interesse sein.<\/p>\n<p><strong>Guter \u00dcberblick \u00fcber einzelne Themen<\/strong><\/p>\n<p>Grunds\u00e4tzlich ist der Begleitband f\u00fcr einen vielschichtigen Leserkreis gestaltet. F\u00fcr Fu\u00dfballfans bietet der Band eine theoretisch fundierte Aufarbeitung von einzelnen Konfliktfeldern aus ihrem Alltag, f\u00fcr Personen aus Lehre und Forschung, Lehrer, Sch\u00fcler und Studenten dient die Publikation als Einf\u00fchrung in aktuelle Fragestellung zu den Themenfeldern Diskriminierung, Anti-Rassismus-Arbeit und Kommerzialisierung im Fu\u00dfball.<\/p>\n<p><strong>Inhaltsverzeichnis<\/strong><\/p>\n<p>BAFF [Nicole Selmer]: \u00dcber die Ausstellung Tatort Stadion 2<br \/>\nGabriel Kuhn: Diskriminierung im Fu\u00dfballsport<br \/>\nJudith Goetz: \u201eHaut&#8217;s die Juden eini!&#8220; Zum Verh\u00e4ltnis von Antisemitismus und Fu\u00dfball in \u00d6sterreich<br \/>\nGerd Dembowski: \u201eIch hab&#8216; ja nichts gegen Schwule, aber&#8230;&#8220; Stichworte zur Modernisierung von hegemonialen M\u00e4nnlichkeiten im deutschen Fu\u00dfball<br \/>\nDr. Bella Bello Bitugu: Anti-Rassismus-Arbeit im Fu\u00dfball. Wie und warum. Eine Anekdote<br \/>\nFairPlay [Markus Pinter]: Antirassistische Arbeit im Fu\u00dfball<br \/>\nStefan Hebenstreit \/ Werner Dernier: Teilhabe statt Fremdbestimmung. Demokratische Alternativen im Profifu\u00dfball<\/p>\n<p><em>Fu\u00dfball ohne Vorurteile Begleitband zur Ausstellung Tatort Stadion, Innsbruck 2011<\/em><br \/>\n<em>ISBN 978-3-200-02472-4 &#8211; 60 Seiten, zahlreiche Fotos.<\/em><\/p>\n<h3>Bestellung<\/h3>\n<p>Die Publikation &#8222;Fu\u00dfball ohne Vorurteile&#8220; ist gegen eine Schutzgeb\u00fchr von EUR 3,- bei der Faninitiative Innsbruck erh\u00e4ltlich. Bei Interesse bitte unter der Mail-Adresse info(at)faninitiative(dot)at melden.<\/p>\n","protected":false},"excerpt":{"rendered":"<p>Aus Anlass der Ausstellung Tatort Stadion publizierte die Faninitiative Innsbruck den Begleitband Fu\u00dfball ohne Vorurteile.<\/p>\n","protected":false},"author":1,"featured_media":62,"parent":0,"menu_order":1,"comment_status":"open","ping_status":"open","template":"","meta":{"footnotes":""},"class_list":["post-63","page","type-page","status-publish","has-post-thumbnail","hentry"],"_links":{"self":[{"href":"https:\/\/faninitiative.at\/index.php\/wp-json\/wp\/v2\/pages\/63","targetHints":{"allow":["GET"]}}],"collection":[{"href":"https:\/\/faninitiative.at\/index.php\/wp-json\/wp\/v2\/pages"}],"about":[{"href":"https:\/\/faninitiative.at\/index.php\/wp-json\/wp\/v2\/types\/page"}],"author":[{"embeddable":true,"href":"https:\/\/faninitiative.at\/index.php\/wp-json\/wp\/v2\/users\/1"}],"replies":[{"embeddable":true,"href":"https:\/\/faninitiative.at\/index.php\/wp-json\/wp\/v2\/comments?post=63"}],"version-history":[{"count":1,"href":"https:\/\/faninitiative.at\/index.php\/wp-json\/wp\/v2\/pages\/63\/revisions"}],"predecessor-version":[{"id":245,"href":"https:\/\/faninitiative.at\/index.php\/wp-json\/wp\/v2\/pages\/63\/revisions\/245"}],"wp:featuredmedia":[{"embeddable":true,"href":"https:\/\/faninitiative.at\/index.php\/wp-json\/wp\/v2\/media\/62"}],"wp:attachment":[{"href":"https:\/\/faninitiative.at\/index.php\/wp-json\/wp\/v2\/media?parent=63"}],"curies":[{"name":"wp","href":"https:\/\/api.w.org\/{rel}","templated":true}]}}